{"id":762,"date":"2025-05-12T20:35:40","date_gmt":"2025-05-12T23:35:40","guid":{"rendered":"https:\/\/primecafes.com\/?page_id=762"},"modified":"2025-06-11T10:21:08","modified_gmt":"2025-06-11T13:21:08","slug":"prime-exchange","status":"publish","type":"page","link":"https:\/\/primecafes.com\/index.php\/prime-exchange\/","title":{"rendered":"Prime Exchange"},"content":{"rendered":"\t\t<div data-elementor-type=\"wp-page\" data-elementor-id=\"762\" class=\"elementor elementor-762\" data-elementor-post-type=\"page\">\n\t\t\t\t<div class=\"elementor-element elementor-element-c747a91 e-flex e-con-boxed elementor-invisible e-con e-parent\" data-id=\"c747a91\" data-element_type=\"container\" data-settings=\"{&quot;background_background&quot;:&quot;classic&quot;,&quot;animation&quot;:&quot;fadeIn&quot;,&quot;animation_mobile&quot;:&quot;fadeIn&quot;,&quot;background_motion_fx_motion_fx_scrolling&quot;:&quot;yes&quot;,&quot;background_motion_fx_scale_effect&quot;:&quot;yes&quot;,&quot;background_motion_fx_scale_speed&quot;:{&quot;unit&quot;:&quot;px&quot;,&quot;size&quot;:2,&quot;sizes&quot;:[]},&quot;background_motion_fx_scale_direction&quot;:&quot;out-in&quot;,&quot;background_motion_fx_scale_range&quot;:{&quot;unit&quot;:&quot;%&quot;,&quot;size&quot;:&quot;&quot;,&quot;sizes&quot;:{&quot;start&quot;:20,&quot;end&quot;:80}},&quot;background_motion_fx_devices&quot;:[&quot;desktop&quot;,&quot;tablet&quot;,&quot;mobile&quot;]}\">\n\t\t\t\t\t<div class=\"e-con-inner\">\n\t\t<div class=\"elementor-element elementor-element-83fb28d e-con-full e-flex e-con e-child\" data-id=\"83fb28d\" data-element_type=\"container\">\n\t\t\t\t<div class=\"elementor-element elementor-element-98fe99b elementor-widget elementor-widget-heading\" data-id=\"98fe99b\" data-element_type=\"widget\" data-widget_type=\"heading.default\">\n\t\t\t\t<div class=\"elementor-widget-container\">\n\t\t\t\t\t<h1 class=\"elementor-heading-title elementor-size-default\">PRIMECAF\u00c9\n Exchange<\/h1>\t\t\t\t<\/div>\n\t\t\t\t<\/div>\n\t\t\t\t<div class=\"elementor-element elementor-element-138cb61 animated-slow elementor-invisible elementor-widget elementor-widget-heading\" data-id=\"138cb61\" data-element_type=\"widget\" data-settings=\"{&quot;_animation&quot;:&quot;fadeInUp&quot;,&quot;_animation_mobile&quot;:&quot;fadeIn&quot;,&quot;_animation_delay&quot;:100}\" data-widget_type=\"heading.default\">\n\t\t\t\t<div class=\"elementor-widget-container\">\n\t\t\t\t\t<div class=\"elementor-heading-title elementor-size-default\">Grandes players do mercado de caf\u00e9, com faturamento superior a 1 bilh\u00e3o de reais.<\/div>\t\t\t\t<\/div>\n\t\t\t\t<\/div>\n\t\t\t\t<\/div>\n\t\t\t\t\t<\/div>\n\t\t\t\t<\/div>\n\t\t<div class=\"elementor-element elementor-element-9077b3b e-con-full e-flex e-con e-parent\" data-id=\"9077b3b\" data-element_type=\"container\">\n\t\t<div class=\"elementor-element elementor-element-1843fea e-con-full e-flex e-con e-child\" data-id=\"1843fea\" data-element_type=\"container\">\n\t\t\t\t<div class=\"elementor-element elementor-element-07c268b elementor-widget elementor-widget-text-editor\" data-id=\"07c268b\" data-element_type=\"widget\" data-widget_type=\"text-editor.default\">\n\t\t\t\t<div class=\"elementor-widget-container\">\n\t\t\t\t\t\t\t\t\t<p>PRIME EXCHANGE<\/p>\t\t\t\t\t\t\t\t<\/div>\n\t\t\t\t<\/div>\n\t\t\t\t<div class=\"elementor-element elementor-element-fdb211d elementor-widget elementor-widget-heading\" data-id=\"fdb211d\" data-element_type=\"widget\" data-widget_type=\"heading.default\">\n\t\t\t\t<div class=\"elementor-widget-container\">\n\t\t\t\t\t<h2 class=\"elementor-heading-title elementor-size-default\">Grandes Players, novos mercados: <b>o Caf\u00e9 Conilon e as oportunidades na B3.<\/b><\/h2>\t\t\t\t<\/div>\n\t\t\t\t<\/div>\n\t\t\t\t<div class=\"elementor-element elementor-element-59036c7 elementor-widget elementor-widget-text-editor\" data-id=\"59036c7\" data-element_type=\"widget\" data-widget_type=\"text-editor.default\">\n\t\t\t\t<div class=\"elementor-widget-container\">\n\t\t\t\t\t\t\t\t\t<p>O Prime Exchange \u00e9 um evento promovido pela Prime Caf\u00e9 que oferece uma oportunidade \u00fanica para nossos clientes se informarem e entenderem o funcionamento do contrato futuro de Caf\u00e9 Conilon na B3. Trazemos grandes nomes do setor para explicar todo o funcionamento do contrato.<\/p>\t\t\t\t\t\t\t\t<\/div>\n\t\t\t\t<\/div>\n\t\t\t\t<\/div>\n\t\t<div class=\"elementor-element elementor-element-1b58b72 e-con-full e-flex e-con e-child\" data-id=\"1b58b72\" data-element_type=\"container\">\n\t\t\t\t<div class=\"elementor-element elementor-element-7a50e2f elementor-widget__width-initial elementor-widget elementor-widget-image\" data-id=\"7a50e2f\" data-element_type=\"widget\" data-widget_type=\"image.default\">\n\t\t\t\t<div class=\"elementor-widget-container\">\n\t\t\t\t\t\t\t\t\t\t\t\t\t\t\t<img fetchpriority=\"high\" decoding=\"async\" width=\"800\" height=\"533\" src=\"https:\/\/primecafes.com\/wp-content\/uploads\/2025\/05\/WhatsApp-Image-2025-05-07-at-09.32.36-1024x682.jpeg\" class=\"attachment-large size-large wp-image-765\" alt=\"\" srcset=\"https:\/\/primecafes.com\/wp-content\/uploads\/2025\/05\/WhatsApp-Image-2025-05-07-at-09.32.36-1024x682.jpeg 1024w, https:\/\/primecafes.com\/wp-content\/uploads\/2025\/05\/WhatsApp-Image-2025-05-07-at-09.32.36-300x200.jpeg 300w, https:\/\/primecafes.com\/wp-content\/uploads\/2025\/05\/WhatsApp-Image-2025-05-07-at-09.32.36-768x511.jpeg 768w, https:\/\/primecafes.com\/wp-content\/uploads\/2025\/05\/WhatsApp-Image-2025-05-07-at-09.32.36.jpeg 1280w\" sizes=\"(max-width: 800px) 100vw, 800px\" \/>\t\t\t\t\t\t\t\t\t\t\t\t\t\t\t<\/div>\n\t\t\t\t<\/div>\n\t\t\t\t<\/div>\n\t\t\t\t<\/div>\n\t\t<div class=\"elementor-element elementor-element-43da7c2 e-con-full e-flex e-con e-parent\" data-id=\"43da7c2\" data-element_type=\"container\">\n\t\t<div class=\"elementor-element elementor-element-5990d89 e-con-full e-flex e-con e-child\" data-id=\"5990d89\" data-element_type=\"container\">\n\t\t\t\t<div class=\"elementor-element elementor-element-5af6dc8 elementor-widget elementor-widget-text-editor\" data-id=\"5af6dc8\" data-element_type=\"widget\" data-widget_type=\"text-editor.default\">\n\t\t\t\t<div class=\"elementor-widget-container\">\n\t\t\t\t\t\t\t\t\t<p><strong>QUEM \u00c9 A PRIME CAF\u00c9?<\/strong><\/p>\t\t\t\t\t\t\t\t<\/div>\n\t\t\t\t<\/div>\n\t\t\t\t<div class=\"elementor-element elementor-element-99cd1b3 elementor-widget elementor-widget-text-editor\" data-id=\"99cd1b3\" data-element_type=\"widget\" data-widget_type=\"text-editor.default\">\n\t\t\t\t<div class=\"elementor-widget-container\">\n\t\t\t\t\t\t\t\t\t<p>A Prime Caf\u00e9 \u00e9 mais que uma corretora: oferecemos assessoria completa, suporte em certifica\u00e7\u00f5es, log\u00edstica, finan\u00e7as e contratos FOB. Atuamos com Ar\u00e1bica e Pimenta-do-Reino, com especializa\u00e7\u00e3o em Conilon, nos mercados nacional e internacional. Como empresa familiar, buscamos informa\u00e7\u00f5es relevantes participando de eventos de refer\u00eancia, como os da ABIC e do Cecaf\u00e9. Fornecemos uma an\u00e1lise \u00e1gil e segura, com as melhores oportunidades de neg\u00f3cio.<\/p>\t\t\t\t\t\t\t\t<\/div>\n\t\t\t\t<\/div>\n\t\t\t\t<\/div>\n\t\t<div class=\"elementor-element elementor-element-45b6ad0 e-con-full e-flex e-con e-child\" data-id=\"45b6ad0\" data-element_type=\"container\">\n\t\t\t\t<div class=\"elementor-element elementor-element-5ff0dd0 elementor-widget__width-initial elementor-widget elementor-widget-image\" data-id=\"5ff0dd0\" data-element_type=\"widget\" data-widget_type=\"image.default\">\n\t\t\t\t<div class=\"elementor-widget-container\">\n\t\t\t\t\t\t\t\t\t\t\t\t\t\t\t<img decoding=\"async\" width=\"800\" height=\"533\" src=\"https:\/\/primecafes.com\/wp-content\/uploads\/2025\/05\/WhatsApp-Image-2025-05-07-at-09.32.35-1024x682.jpeg\" class=\"attachment-large size-large wp-image-808\" alt=\"\" srcset=\"https:\/\/primecafes.com\/wp-content\/uploads\/2025\/05\/WhatsApp-Image-2025-05-07-at-09.32.35-1024x682.jpeg 1024w, https:\/\/primecafes.com\/wp-content\/uploads\/2025\/05\/WhatsApp-Image-2025-05-07-at-09.32.35-300x200.jpeg 300w, https:\/\/primecafes.com\/wp-content\/uploads\/2025\/05\/WhatsApp-Image-2025-05-07-at-09.32.35-768x511.jpeg 768w, https:\/\/primecafes.com\/wp-content\/uploads\/2025\/05\/WhatsApp-Image-2025-05-07-at-09.32.35.jpeg 1280w\" sizes=\"(max-width: 800px) 100vw, 800px\" \/>\t\t\t\t\t\t\t\t\t\t\t\t\t\t\t<\/div>\n\t\t\t\t<\/div>\n\t\t\t\t<\/div>\n\t\t\t\t<\/div>\n\t\t<div class=\"elementor-element elementor-element-363ca78 e-con-full e-flex e-con e-parent\" data-id=\"363ca78\" data-element_type=\"container\">\n\t\t<div class=\"elementor-element elementor-element-68efce0 e-con-full e-flex e-con e-child\" data-id=\"68efce0\" data-element_type=\"container\">\n\t\t\t\t<div class=\"elementor-element elementor-element-3ecb4ac elementor-widget elementor-widget-text-editor\" data-id=\"3ecb4ac\" data-element_type=\"widget\" data-widget_type=\"text-editor.default\">\n\t\t\t\t<div class=\"elementor-widget-container\">\n\t\t\t\t\t\t\t\t\t<p>O QUE \u00c9 A B3?<\/p>\t\t\t\t\t\t\t\t<\/div>\n\t\t\t\t<\/div>\n\t\t\t\t<div class=\"elementor-element elementor-element-66d9ffc elementor-widget elementor-widget-text-editor\" data-id=\"66d9ffc\" data-element_type=\"widget\" data-widget_type=\"text-editor.default\">\n\t\t\t\t<div class=\"elementor-widget-container\">\n\t\t\t\t\t\t\t\t\t<p>A B3 \u00e9 a bolsa de valores do Brasil e, al\u00e9m de a\u00e7\u00f5es, fundos e t\u00edtulos p\u00fablicos, tamb\u00e9m \u00e9 respons\u00e1vel pela negocia\u00e7\u00e3o de commodities, como o caf\u00e9. Para atuar na B3, \u00e9 necess\u00e1rio contar com o apoio de uma corretora. A Prime Caf\u00e9 possui uma parceria estrat\u00e9gica com a Golden Investimentos, escrit\u00f3rio afiliado \u00e0 XP Investimentos, garantindo que nossos clientes tenham o suporte necess\u00e1rio para acessar o mercado futuro com seguran\u00e7a e profissionalismo, protegendo seus pre\u00e7os e ampliando suas oportunidades de neg\u00f3cio.<\/p>\t\t\t\t\t\t\t\t<\/div>\n\t\t\t\t<\/div>\n\t\t\t\t<\/div>\n\t\t<div class=\"elementor-element elementor-element-5addb70 e-con-full e-flex e-con e-child\" data-id=\"5addb70\" data-element_type=\"container\">\n\t\t\t\t<div class=\"elementor-element elementor-element-4ddb06e elementor-widget__width-initial elementor-widget elementor-widget-image\" data-id=\"4ddb06e\" data-element_type=\"widget\" data-widget_type=\"image.default\">\n\t\t\t\t<div class=\"elementor-widget-container\">\n\t\t\t\t\t\t\t\t\t\t\t\t\t\t\t<img decoding=\"async\" width=\"800\" height=\"533\" src=\"https:\/\/primecafes.com\/wp-content\/uploads\/2025\/05\/WhatsApp-Image-2025-05-07-at-09.32.35-1-1024x682.jpeg\" class=\"attachment-large size-large wp-image-766\" alt=\"\" srcset=\"https:\/\/primecafes.com\/wp-content\/uploads\/2025\/05\/WhatsApp-Image-2025-05-07-at-09.32.35-1-1024x682.jpeg 1024w, https:\/\/primecafes.com\/wp-content\/uploads\/2025\/05\/WhatsApp-Image-2025-05-07-at-09.32.35-1-300x200.jpeg 300w, https:\/\/primecafes.com\/wp-content\/uploads\/2025\/05\/WhatsApp-Image-2025-05-07-at-09.32.35-1-768x511.jpeg 768w, https:\/\/primecafes.com\/wp-content\/uploads\/2025\/05\/WhatsApp-Image-2025-05-07-at-09.32.35-1.jpeg 1280w\" sizes=\"(max-width: 800px) 100vw, 800px\" \/>\t\t\t\t\t\t\t\t\t\t\t\t\t\t\t<\/div>\n\t\t\t\t<\/div>\n\t\t\t\t<\/div>\n\t\t\t\t<\/div>\n\t\t<div class=\"elementor-element elementor-element-25e4c9b e-con-full e-flex e-con e-parent\" data-id=\"25e4c9b\" data-element_type=\"container\">\n\t\t<div class=\"elementor-element elementor-element-7301ce5 e-flex e-con-boxed e-con e-child\" data-id=\"7301ce5\" data-element_type=\"container\" data-settings=\"{&quot;background_background&quot;:&quot;classic&quot;}\">\n\t\t\t\t\t<div class=\"e-con-inner\">\n\t\t\t\t<div class=\"elementor-element elementor-element-d4c0f6f elementor-widget elementor-widget-heading\" data-id=\"d4c0f6f\" data-element_type=\"widget\" data-widget_type=\"heading.default\">\n\t\t\t\t<div class=\"elementor-widget-container\">\n\t\t\t\t\t<h2 class=\"elementor-heading-title elementor-size-default\">COMO O CONTRATO PODE ME AJUDAR<\/h2>\t\t\t\t<\/div>\n\t\t\t\t<\/div>\n\t\t\t\t<div class=\"elementor-element elementor-element-21f7b0e elementor-widget elementor-widget-text-editor\" data-id=\"21f7b0e\" data-element_type=\"widget\" data-widget_type=\"text-editor.default\">\n\t\t\t\t<div class=\"elementor-widget-container\">\n\t\t\t\t\t\t\t\t\t<p>O contrato futuro de Caf\u00e9 Conilon na B3 permite que voc\u00ea trave pre\u00e7os, reduza riscos e planeje melhor suas vendas e compras. Essa ferramenta oferece previsibilidade, permitindo que voc\u00ea se proteja da volatilidade do mercado e crie novas oportunidades de neg\u00f3cios, especialmente com grandes compradores internacionais.<\/p>\t\t\t\t\t\t\t\t<\/div>\n\t\t\t\t<\/div>\n\t\t\t\t<div class=\"elementor-element elementor-element-3d1bdb3 elementor-widget elementor-widget-button\" data-id=\"3d1bdb3\" data-element_type=\"widget\" data-widget_type=\"button.default\">\n\t\t\t\t<div class=\"elementor-widget-container\">\n\t\t\t\t\t\t\t\t\t<div class=\"elementor-button-wrapper\">\n\t\t\t\t\t<a class=\"elementor-button elementor-button-link elementor-size-sm\" href=\"https:\/\/wa.me\/5527998005228?text=Ol%C3%A1%2C%20gostaria%20de%20mais%20informa%C3%A7%C3%B5es%20sobre%20a%20Prime%20Exchange\" target=\"_blank\">\n\t\t\t\t\t\t<span class=\"elementor-button-content-wrapper\">\n\t\t\t\t\t\t\t\t\t<span class=\"elementor-button-text\">Entre em Contato<\/span>\n\t\t\t\t\t<\/span>\n\t\t\t\t\t<\/a>\n\t\t\t\t<\/div>\n\t\t\t\t\t\t\t\t<\/div>\n\t\t\t\t<\/div>\n\t\t\t\t\t<\/div>\n\t\t\t\t<\/div>\n\t\t\t\t<\/div>\n\t\t\t\t<\/div>\n\t\t","protected":false},"excerpt":{"rendered":"<p>PRIMECAF\u00c9 Exchange Grandes players do mercado de caf\u00e9, com faturamento superior a 1 bilh\u00e3o de reais. PRIME EXCHANGE Grandes Players, novos mercados: o Caf\u00e9 Conilon e as oportunidades na B3. O Prime Exchange \u00e9 um evento promovido pela Prime Caf\u00e9 que oferece uma oportunidade \u00fanica para nossos clientes se informarem e entenderem o funcionamento do [&hellip;]<\/p>\n","protected":false},"author":1,"featured_media":0,"parent":0,"menu_order":0,"comment_status":"closed","ping_status":"closed","template":"elementor_header_footer","meta":{"footnotes":""},"class_list":["post-762","page","type-page","status-publish","hentry"],"_links":{"self":[{"href":"https:\/\/primecafes.com\/index.php\/wp-json\/wp\/v2\/pages\/762","targetHints":{"allow":["GET"]}}],"collection":[{"href":"https:\/\/primecafes.com\/index.php\/wp-json\/wp\/v2\/pages"}],"about":[{"href":"https:\/\/primecafes.com\/index.php\/wp-json\/wp\/v2\/types\/page"}],"author":[{"embeddable":true,"href":"https:\/\/primecafes.com\/index.php\/wp-json\/wp\/v2\/users\/1"}],"replies":[{"embeddable":true,"href":"https:\/\/primecafes.com\/index.php\/wp-json\/wp\/v2\/comments?post=762"}],"version-history":[{"count":25,"href":"https:\/\/primecafes.com\/index.php\/wp-json\/wp\/v2\/pages\/762\/revisions"}],"predecessor-version":[{"id":877,"href":"https:\/\/primecafes.com\/index.php\/wp-json\/wp\/v2\/pages\/762\/revisions\/877"}],"wp:attachment":[{"href":"https:\/\/primecafes.com\/index.php\/wp-json\/wp\/v2\/media?parent=762"}],"curies":[{"name":"wp","href":"https:\/\/api.w.org\/{rel}","templated":true}]}}