{"id":60,"date":"2024-11-29T14:08:49","date_gmt":"2024-11-29T17:08:49","guid":{"rendered":"http:\/\/primecafes.com\/?page_id=60"},"modified":"2025-05-07T19:18:14","modified_gmt":"2025-05-07T22:18:14","slug":"blog","status":"publish","type":"page","link":"https:\/\/primecafes.com\/index.php\/blog\/","title":{"rendered":"Blog"},"content":{"rendered":"\t\t<div data-elementor-type=\"wp-page\" data-elementor-id=\"60\" class=\"elementor elementor-60\" data-elementor-post-type=\"page\">\n\t\t\t\t\t\t<section class=\"elementor-section elementor-top-section elementor-element elementor-element-1ef1afd3 animated-slow elementor-section-boxed elementor-section-height-default elementor-section-height-default elementor-invisible\" data-id=\"1ef1afd3\" data-element_type=\"section\" data-settings=\"{&quot;background_background&quot;:&quot;classic&quot;,&quot;background_motion_fx_motion_fx_scrolling&quot;:&quot;yes&quot;,&quot;background_motion_fx_translateX_effect&quot;:&quot;yes&quot;,&quot;background_motion_fx_translateX_speed&quot;:{&quot;unit&quot;:&quot;px&quot;,&quot;size&quot;:2,&quot;sizes&quot;:[]},&quot;animation&quot;:&quot;fadeIn&quot;,&quot;background_motion_fx_translateX_affectedRange&quot;:{&quot;unit&quot;:&quot;%&quot;,&quot;size&quot;:&quot;&quot;,&quot;sizes&quot;:{&quot;start&quot;:0,&quot;end&quot;:100}},&quot;background_motion_fx_devices&quot;:[&quot;desktop&quot;,&quot;tablet&quot;,&quot;mobile&quot;]}\">\n\t\t\t\t\t\t\t<div class=\"elementor-background-overlay\"><\/div>\n\t\t\t\t\t\t\t<div class=\"elementor-container elementor-column-gap-default\">\n\t\t\t\t\t<div class=\"elementor-column elementor-col-50 elementor-top-column elementor-element elementor-element-14b876af\" data-id=\"14b876af\" data-element_type=\"column\">\n\t\t\t<div class=\"elementor-widget-wrap elementor-element-populated\">\n\t\t\t\t\t\t<div class=\"elementor-element elementor-element-4d1f407 elementor-grid-1 elementor-grid-tablet-1 animated-fast elementor-grid-mobile-1 elementor-posts--thumbnail-top elementor-invisible elementor-widget elementor-widget-posts\" data-id=\"4d1f407\" data-element_type=\"widget\" data-settings=\"{&quot;classic_columns&quot;:&quot;1&quot;,&quot;classic_columns_tablet&quot;:&quot;1&quot;,&quot;classic_row_gap&quot;:{&quot;unit&quot;:&quot;px&quot;,&quot;size&quot;:0,&quot;sizes&quot;:[]},&quot;_animation&quot;:&quot;fadeInRight&quot;,&quot;classic_columns_mobile&quot;:&quot;1&quot;,&quot;classic_row_gap_tablet&quot;:{&quot;unit&quot;:&quot;px&quot;,&quot;size&quot;:&quot;&quot;,&quot;sizes&quot;:[]},&quot;classic_row_gap_mobile&quot;:{&quot;unit&quot;:&quot;px&quot;,&quot;size&quot;:&quot;&quot;,&quot;sizes&quot;:[]}}\" data-widget_type=\"posts.classic\">\n\t\t\t\t<div class=\"elementor-widget-container\">\n\t\t\t\t\t\t\t<div class=\"elementor-posts-container elementor-posts elementor-posts--skin-classic elementor-grid\">\n\t\t\t\t<article class=\"elementor-post elementor-grid-item post-1212 post type-post status-publish format-standard has-post-thumbnail hentry category-sem-categoria\">\n\t\t\t\t<a class=\"elementor-post__thumbnail__link\" href=\"https:\/\/primecafes.com\/index.php\/2026\/03\/31\/mercado-de-cafe-conilon-registra-queda-de-20-no-primeiro-trimestre-de-2026\/\" tabindex=\"-1\" >\n\t\t\t<div class=\"elementor-post__thumbnail\"><img fetchpriority=\"high\" decoding=\"async\" width=\"1024\" height=\"682\" src=\"https:\/\/primecafes.com\/wp-content\/uploads\/2026\/03\/WhatsApp-Image-2026-03-30-at-16.14.09-1024x682-1.jpeg\" class=\"attachment-full size-full wp-image-1213\" alt=\"\" srcset=\"https:\/\/primecafes.com\/wp-content\/uploads\/2026\/03\/WhatsApp-Image-2026-03-30-at-16.14.09-1024x682-1.jpeg 1024w, https:\/\/primecafes.com\/wp-content\/uploads\/2026\/03\/WhatsApp-Image-2026-03-30-at-16.14.09-1024x682-1-300x200.jpeg 300w, https:\/\/primecafes.com\/wp-content\/uploads\/2026\/03\/WhatsApp-Image-2026-03-30-at-16.14.09-1024x682-1-768x512.jpeg 768w\" sizes=\"(max-width: 1024px) 100vw, 1024px\" \/><\/div>\n\t\t<\/a>\n\t\t\t\t<div class=\"elementor-post__text\">\n\t\t\t\t<h1 class=\"elementor-post__title\">\n\t\t\t<a href=\"https:\/\/primecafes.com\/index.php\/2026\/03\/31\/mercado-de-cafe-conilon-registra-queda-de-20-no-primeiro-trimestre-de-2026\/\" >\n\t\t\t\tMercado de caf\u00e9 conilon registra queda de 20% no primeiro trimestre de 2026\t\t\t<\/a>\n\t\t<\/h1>\n\t\t\t\t<div class=\"elementor-post__meta-data\">\n\t\t\t\t\t<span class=\"elementor-post-date\">\n\t\t\t31\/03\/2026\t\t<\/span>\n\t\t\t\t<\/div>\n\t\t\t\t<\/div>\n\t\t\t\t<\/article>\n\t\t\t\t<\/div>\n\t\t\n\t\t\t\t\t\t<\/div>\n\t\t\t\t<\/div>\n\t\t\t\t\t<\/div>\n\t\t<\/div>\n\t\t\t\t<div class=\"elementor-column elementor-col-50 elementor-top-column elementor-element elementor-element-f7a8ba1 elementor-hidden-tablet elementor-hidden-phone\" data-id=\"f7a8ba1\" data-element_type=\"column\">\n\t\t\t<div class=\"elementor-widget-wrap\">\n\t\t\t\t\t\t\t<\/div>\n\t\t<\/div>\n\t\t\t\t\t<\/div>\n\t\t<\/section>\n\t\t\t\t<section class=\"elementor-section elementor-top-section elementor-element elementor-element-576e4dd0 elementor-section-boxed elementor-section-height-default elementor-section-height-default\" data-id=\"576e4dd0\" data-element_type=\"section\" data-settings=\"{&quot;background_background&quot;:&quot;classic&quot;}\">\n\t\t\t\t\t\t<div class=\"elementor-container elementor-column-gap-default\">\n\t\t\t\t\t<div class=\"elementor-column elementor-col-100 elementor-top-column elementor-element elementor-element-72970174\" data-id=\"72970174\" data-element_type=\"column\">\n\t\t\t<div class=\"elementor-widget-wrap elementor-element-populated\">\n\t\t\t\t\t\t<div class=\"elementor-element elementor-element-7a40f7d3 animated-fast elementor-invisible elementor-widget elementor-widget-heading\" data-id=\"7a40f7d3\" data-element_type=\"widget\" data-settings=\"{&quot;_animation&quot;:&quot;fadeInUp&quot;}\" data-widget_type=\"heading.default\">\n\t\t\t\t<div class=\"elementor-widget-container\">\n\t\t\t\t\t<h3 class=\"elementor-heading-title elementor-size-default\">\u00daltimos Posts<\/h3>\t\t\t\t<\/div>\n\t\t\t\t<\/div>\n\t\t\t\t<div class=\"elementor-element elementor-element-32a15113 animated-slow elementor-grid-3 elementor-grid-tablet-2 elementor-grid-mobile-1 elementor-posts--thumbnail-top elementor-card-shadow-yes elementor-posts__hover-gradient elementor-invisible elementor-widget elementor-widget-posts\" data-id=\"32a15113\" data-element_type=\"widget\" data-settings=\"{&quot;_animation&quot;:&quot;fadeIn&quot;,&quot;pagination_type&quot;:&quot;numbers&quot;,&quot;cards_columns&quot;:&quot;3&quot;,&quot;cards_columns_tablet&quot;:&quot;2&quot;,&quot;cards_columns_mobile&quot;:&quot;1&quot;,&quot;cards_row_gap&quot;:{&quot;unit&quot;:&quot;px&quot;,&quot;size&quot;:35,&quot;sizes&quot;:[]},&quot;cards_row_gap_tablet&quot;:{&quot;unit&quot;:&quot;px&quot;,&quot;size&quot;:&quot;&quot;,&quot;sizes&quot;:[]},&quot;cards_row_gap_mobile&quot;:{&quot;unit&quot;:&quot;px&quot;,&quot;size&quot;:&quot;&quot;,&quot;sizes&quot;:[]}}\" data-widget_type=\"posts.cards\">\n\t\t\t\t<div class=\"elementor-widget-container\">\n\t\t\t\t\t\t\t<div class=\"elementor-posts-container elementor-posts elementor-posts--skin-cards elementor-grid\">\n\t\t\t\t<article class=\"elementor-post elementor-grid-item post-1212 post type-post status-publish format-standard has-post-thumbnail hentry category-sem-categoria\">\n\t\t\t<div class=\"elementor-post__card\">\n\t\t\t\t<a class=\"elementor-post__thumbnail__link\" href=\"https:\/\/primecafes.com\/index.php\/2026\/03\/31\/mercado-de-cafe-conilon-registra-queda-de-20-no-primeiro-trimestre-de-2026\/\" tabindex=\"-1\" target=\"_blank\"><div class=\"elementor-post__thumbnail\"><img decoding=\"async\" width=\"300\" height=\"200\" src=\"https:\/\/primecafes.com\/wp-content\/uploads\/2026\/03\/WhatsApp-Image-2026-03-30-at-16.14.09-1024x682-1-300x200.jpeg\" class=\"attachment-medium size-medium wp-image-1213\" alt=\"\" srcset=\"https:\/\/primecafes.com\/wp-content\/uploads\/2026\/03\/WhatsApp-Image-2026-03-30-at-16.14.09-1024x682-1-300x200.jpeg 300w, https:\/\/primecafes.com\/wp-content\/uploads\/2026\/03\/WhatsApp-Image-2026-03-30-at-16.14.09-1024x682-1-768x512.jpeg 768w, https:\/\/primecafes.com\/wp-content\/uploads\/2026\/03\/WhatsApp-Image-2026-03-30-at-16.14.09-1024x682-1.jpeg 1024w\" sizes=\"(max-width: 300px) 100vw, 300px\" \/><\/div><\/a>\n\t\t\t\t<div class=\"elementor-post__badge\">Sem categoria<\/div>\n\t\t\t\t<div class=\"elementor-post__text\">\n\t\t\t\t<h3 class=\"elementor-post__title\">\n\t\t\t<a href=\"https:\/\/primecafes.com\/index.php\/2026\/03\/31\/mercado-de-cafe-conilon-registra-queda-de-20-no-primeiro-trimestre-de-2026\/\" target=&quot;_blank&quot;>\n\t\t\t\tMercado de caf\u00e9 conilon registra queda de 20% no primeiro trimestre de 2026\t\t\t<\/a>\n\t\t<\/h3>\n\t\t\t\t<div class=\"elementor-post__excerpt\">\n\t\t\t<p>Desde a safra de 2025, marcada por uma colheita excelente de caf\u00e9 conilon no Brasil, a Prime Caf\u00e9 come\u00e7ou a mapear, m\u00eas a m\u00eas, todos<\/p>\n\t\t<\/div>\n\t\t\t\t\t<div class=\"elementor-post__read-more-wrapper\">\n\t\t\n\t\t<a class=\"elementor-post__read-more\" href=\"https:\/\/primecafes.com\/index.php\/2026\/03\/31\/mercado-de-cafe-conilon-registra-queda-de-20-no-primeiro-trimestre-de-2026\/\" aria-label=\"Leia mais sobre Mercado de caf\u00e9 conilon registra queda de 20% no primeiro trimestre de 2026\" tabindex=\"-1\" target=\"_blank\">\n\t\t\tLeia Mais \u00bb\t\t<\/a>\n\n\t\t\t\t\t<\/div>\n\t\t\t\t<\/div>\n\t\t\t\t<div class=\"elementor-post__meta-data\">\n\t\t\t\t\t<span class=\"elementor-post-date\">\n\t\t\t31\/03\/2026\t\t<\/span>\n\t\t\t\t<span class=\"elementor-post-avatar\">\n\t\t\tNenhum coment\u00e1rio\t\t<\/span>\n\t\t\t\t<\/div>\n\t\t\t\t\t<\/div>\n\t\t<\/article>\n\t\t\t\t<article class=\"elementor-post elementor-grid-item post-1209 post type-post status-publish format-standard has-post-thumbnail hentry category-sem-categoria\">\n\t\t\t<div class=\"elementor-post__card\">\n\t\t\t\t<a class=\"elementor-post__thumbnail__link\" href=\"https:\/\/primecafes.com\/index.php\/2026\/03\/30\/cafe-capixaba-exporta-mais-conilon-no-bimestre-mas-receita-recua-16-com-queda-no-preco\/\" tabindex=\"-1\" target=\"_blank\"><div class=\"elementor-post__thumbnail\"><img decoding=\"async\" width=\"300\" height=\"201\" src=\"https:\/\/primecafes.com\/wp-content\/uploads\/2026\/03\/Incaper-cafe-22122016-DSC_5573-Arquivo-Incaper--300x201.webp\" class=\"attachment-medium size-medium wp-image-1210\" alt=\"\" srcset=\"https:\/\/primecafes.com\/wp-content\/uploads\/2026\/03\/Incaper-cafe-22122016-DSC_5573-Arquivo-Incaper--300x201.webp 300w, https:\/\/primecafes.com\/wp-content\/uploads\/2026\/03\/Incaper-cafe-22122016-DSC_5573-Arquivo-Incaper--768x514.webp 768w, https:\/\/primecafes.com\/wp-content\/uploads\/2026\/03\/Incaper-cafe-22122016-DSC_5573-Arquivo-Incaper-.webp 960w\" sizes=\"(max-width: 300px) 100vw, 300px\" \/><\/div><\/a>\n\t\t\t\t<div class=\"elementor-post__badge\">Sem categoria<\/div>\n\t\t\t\t<div class=\"elementor-post__text\">\n\t\t\t\t<h3 class=\"elementor-post__title\">\n\t\t\t<a href=\"https:\/\/primecafes.com\/index.php\/2026\/03\/30\/cafe-capixaba-exporta-mais-conilon-no-bimestre-mas-receita-recua-16-com-queda-no-preco\/\" target=&quot;_blank&quot;>\n\t\t\t\tCaf\u00e9 capixaba exporta mais conilon no bimestre, mas receita recua 16% com queda no pre\u00e7o\u00a0\t\t\t<\/a>\n\t\t<\/h3>\n\t\t\t\t<div class=\"elementor-post__excerpt\">\n\t\t\t<p>Dados do CCCV mostram que volume de conilon cresceu 13% em Jan\u2013Fev\/2026, mas gerou praticamente a mesma receita do bimestre anterior; ar\u00e1bica segue trajet\u00f3ria oposta,<\/p>\n\t\t<\/div>\n\t\t\t\t\t<div class=\"elementor-post__read-more-wrapper\">\n\t\t\n\t\t<a class=\"elementor-post__read-more\" href=\"https:\/\/primecafes.com\/index.php\/2026\/03\/30\/cafe-capixaba-exporta-mais-conilon-no-bimestre-mas-receita-recua-16-com-queda-no-preco\/\" aria-label=\"Leia mais sobre Caf\u00e9 capixaba exporta mais conilon no bimestre, mas receita recua 16% com queda no pre\u00e7o\u00a0\" tabindex=\"-1\" target=\"_blank\">\n\t\t\tLeia Mais \u00bb\t\t<\/a>\n\n\t\t\t\t\t<\/div>\n\t\t\t\t<\/div>\n\t\t\t\t<div class=\"elementor-post__meta-data\">\n\t\t\t\t\t<span class=\"elementor-post-date\">\n\t\t\t30\/03\/2026\t\t<\/span>\n\t\t\t\t<span class=\"elementor-post-avatar\">\n\t\t\tNenhum coment\u00e1rio\t\t<\/span>\n\t\t\t\t<\/div>\n\t\t\t\t\t<\/div>\n\t\t<\/article>\n\t\t\t\t<article class=\"elementor-post elementor-grid-item post-1205 post type-post status-publish format-standard has-post-thumbnail hentry category-sem-categoria\">\n\t\t\t<div class=\"elementor-post__card\">\n\t\t\t\t<a class=\"elementor-post__thumbnail__link\" href=\"https:\/\/primecafes.com\/index.php\/2026\/03\/23\/guerra-no-ira-e-decisao-da-china-pressionam-fertilizantes-e-ligam-alerta-para-o-cafe-do-espirito-santo\/\" tabindex=\"-1\" target=\"_blank\"><div class=\"elementor-post__thumbnail\"><img loading=\"lazy\" decoding=\"async\" width=\"300\" height=\"160\" src=\"https:\/\/primecafes.com\/wp-content\/uploads\/2026\/03\/cafe-maduro-graos-cafe_Easy-Resize.com_-300x160.webp\" class=\"attachment-medium size-medium wp-image-1206\" alt=\"\" srcset=\"https:\/\/primecafes.com\/wp-content\/uploads\/2026\/03\/cafe-maduro-graos-cafe_Easy-Resize.com_-300x160.webp 300w, https:\/\/primecafes.com\/wp-content\/uploads\/2026\/03\/cafe-maduro-graos-cafe_Easy-Resize.com_-1024x546.webp 1024w, https:\/\/primecafes.com\/wp-content\/uploads\/2026\/03\/cafe-maduro-graos-cafe_Easy-Resize.com_-768x409.webp 768w, https:\/\/primecafes.com\/wp-content\/uploads\/2026\/03\/cafe-maduro-graos-cafe_Easy-Resize.com_.webp 1280w\" sizes=\"(max-width: 300px) 100vw, 300px\" \/><\/div><\/a>\n\t\t\t\t<div class=\"elementor-post__badge\">Sem categoria<\/div>\n\t\t\t\t<div class=\"elementor-post__text\">\n\t\t\t\t<h3 class=\"elementor-post__title\">\n\t\t\t<a href=\"https:\/\/primecafes.com\/index.php\/2026\/03\/23\/guerra-no-ira-e-decisao-da-china-pressionam-fertilizantes-e-ligam-alerta-para-o-cafe-do-espirito-santo\/\" target=&quot;_blank&quot;>\n\t\t\t\tGuerra no Ir\u00e3 e decis\u00e3o da China pressionam fertilizantes e ligam alerta para o caf\u00e9 do Esp\u00edrito Santo\t\t\t<\/a>\n\t\t<\/h3>\n\t\t\t\t<div class=\"elementor-post__excerpt\">\n\t\t\t<p>A combina\u00e7\u00e3o entre a guerra no Ir\u00e3 e a decis\u00e3o da China de restringir exporta\u00e7\u00f5es de\u00a0fertilizantes\u00a0acendeu um sinal de alerta para o\u00a0agroneg\u00f3cio\u00a0brasileiro. O cen\u00e1rio internacional<\/p>\n\t\t<\/div>\n\t\t\t\t\t<div class=\"elementor-post__read-more-wrapper\">\n\t\t\n\t\t<a class=\"elementor-post__read-more\" href=\"https:\/\/primecafes.com\/index.php\/2026\/03\/23\/guerra-no-ira-e-decisao-da-china-pressionam-fertilizantes-e-ligam-alerta-para-o-cafe-do-espirito-santo\/\" aria-label=\"Leia mais sobre Guerra no Ir\u00e3 e decis\u00e3o da China pressionam fertilizantes e ligam alerta para o caf\u00e9 do Esp\u00edrito Santo\" tabindex=\"-1\" target=\"_blank\">\n\t\t\tLeia Mais \u00bb\t\t<\/a>\n\n\t\t\t\t\t<\/div>\n\t\t\t\t<\/div>\n\t\t\t\t<div class=\"elementor-post__meta-data\">\n\t\t\t\t\t<span class=\"elementor-post-date\">\n\t\t\t23\/03\/2026\t\t<\/span>\n\t\t\t\t<span class=\"elementor-post-avatar\">\n\t\t\tNenhum coment\u00e1rio\t\t<\/span>\n\t\t\t\t<\/div>\n\t\t\t\t\t<\/div>\n\t\t<\/article>\n\t\t\t\t<article class=\"elementor-post elementor-grid-item post-1202 post type-post status-publish format-standard has-post-thumbnail hentry category-sem-categoria\">\n\t\t\t<div class=\"elementor-post__card\">\n\t\t\t\t<a class=\"elementor-post__thumbnail__link\" href=\"https:\/\/primecafes.com\/index.php\/2026\/03\/18\/vendas-da-safra-2026-27-de-cafe-alcancam-12-da-producao-esperada\/\" tabindex=\"-1\" target=\"_blank\"><div class=\"elementor-post__thumbnail\"><img loading=\"lazy\" decoding=\"async\" width=\"300\" height=\"200\" src=\"https:\/\/primecafes.com\/wp-content\/uploads\/2026\/03\/IMG_9754-300x200.jpg\" class=\"attachment-medium size-medium wp-image-1203\" alt=\"\" srcset=\"https:\/\/primecafes.com\/wp-content\/uploads\/2026\/03\/IMG_9754-300x200.jpg 300w, https:\/\/primecafes.com\/wp-content\/uploads\/2026\/03\/IMG_9754-1024x683.jpg 1024w, https:\/\/primecafes.com\/wp-content\/uploads\/2026\/03\/IMG_9754-768x512.jpg 768w, https:\/\/primecafes.com\/wp-content\/uploads\/2026\/03\/IMG_9754-1536x1024.jpg 1536w, https:\/\/primecafes.com\/wp-content\/uploads\/2026\/03\/IMG_9754-2048x1365.jpg 2048w\" sizes=\"(max-width: 300px) 100vw, 300px\" \/><\/div><\/a>\n\t\t\t\t<div class=\"elementor-post__badge\">Sem categoria<\/div>\n\t\t\t\t<div class=\"elementor-post__text\">\n\t\t\t\t<h3 class=\"elementor-post__title\">\n\t\t\t<a href=\"https:\/\/primecafes.com\/index.php\/2026\/03\/18\/vendas-da-safra-2026-27-de-cafe-alcancam-12-da-producao-esperada\/\" target=&quot;_blank&quot;>\n\t\t\t\tVendas da safra 2026\/27 de caf\u00e9 alcan\u00e7am 12% da produ\u00e7\u00e3o esperada\t\t\t<\/a>\n\t\t<\/h3>\n\t\t\t\t<div class=\"elementor-post__excerpt\">\n\t\t\t<p>Comercializa\u00e7\u00e3o antecipada ainda mais distante da m\u00e9dia dos \u00faltimos cinco anos para o per\u00edodo Levantamento da Safras &amp; Mercado aponta que as vendas da safra<\/p>\n\t\t<\/div>\n\t\t\t\t\t<div class=\"elementor-post__read-more-wrapper\">\n\t\t\n\t\t<a class=\"elementor-post__read-more\" href=\"https:\/\/primecafes.com\/index.php\/2026\/03\/18\/vendas-da-safra-2026-27-de-cafe-alcancam-12-da-producao-esperada\/\" aria-label=\"Leia mais sobre Vendas da safra 2026\/27 de caf\u00e9 alcan\u00e7am 12% da produ\u00e7\u00e3o esperada\" tabindex=\"-1\" target=\"_blank\">\n\t\t\tLeia Mais \u00bb\t\t<\/a>\n\n\t\t\t\t\t<\/div>\n\t\t\t\t<\/div>\n\t\t\t\t<div class=\"elementor-post__meta-data\">\n\t\t\t\t\t<span class=\"elementor-post-date\">\n\t\t\t18\/03\/2026\t\t<\/span>\n\t\t\t\t<span class=\"elementor-post-avatar\">\n\t\t\tNenhum coment\u00e1rio\t\t<\/span>\n\t\t\t\t<\/div>\n\t\t\t\t\t<\/div>\n\t\t<\/article>\n\t\t\t\t<article class=\"elementor-post elementor-grid-item post-1198 post type-post status-publish format-standard has-post-thumbnail hentry category-sem-categoria\">\n\t\t\t<div class=\"elementor-post__card\">\n\t\t\t\t<a class=\"elementor-post__thumbnail__link\" href=\"https:\/\/primecafes.com\/index.php\/2026\/03\/09\/safra-de-cafe-conilon-puxa-alta-do-pib-do-espirito-santo-em-2025\/\" tabindex=\"-1\" target=\"_blank\"><div class=\"elementor-post__thumbnail\"><img loading=\"lazy\" decoding=\"async\" width=\"300\" height=\"200\" src=\"https:\/\/primecafes.com\/wp-content\/uploads\/2026\/03\/capa_49984_CAFEGovernoES-1152x768-1-300x200.webp\" class=\"attachment-medium size-medium wp-image-1199\" alt=\"\" srcset=\"https:\/\/primecafes.com\/wp-content\/uploads\/2026\/03\/capa_49984_CAFEGovernoES-1152x768-1-300x200.webp 300w, https:\/\/primecafes.com\/wp-content\/uploads\/2026\/03\/capa_49984_CAFEGovernoES-1152x768-1-1024x683.webp 1024w, https:\/\/primecafes.com\/wp-content\/uploads\/2026\/03\/capa_49984_CAFEGovernoES-1152x768-1-768x512.webp 768w, https:\/\/primecafes.com\/wp-content\/uploads\/2026\/03\/capa_49984_CAFEGovernoES-1152x768-1.webp 1152w\" sizes=\"(max-width: 300px) 100vw, 300px\" \/><\/div><\/a>\n\t\t\t\t<div class=\"elementor-post__badge\">Sem categoria<\/div>\n\t\t\t\t<div class=\"elementor-post__text\">\n\t\t\t\t<h3 class=\"elementor-post__title\">\n\t\t\t<a href=\"https:\/\/primecafes.com\/index.php\/2026\/03\/09\/safra-de-cafe-conilon-puxa-alta-do-pib-do-espirito-santo-em-2025\/\" target=&quot;_blank&quot;>\n\t\t\t\tSafra de caf\u00e9 conilon puxa alta do PIB do Esp\u00edrito Santo em 2025\t\t\t<\/a>\n\t\t<\/h3>\n\t\t\t\t<div class=\"elementor-post__excerpt\">\n\t\t\t<p>A economia do\u00a0Esp\u00edrito Santo\u00a0encerrou 2025 com crescimento de\u00a03,9% no Produto Interno Bruto (PIB), resultado superior ao registrado nos anos de 2022, 2023 e 2024. Entre<\/p>\n\t\t<\/div>\n\t\t\t\t\t<div class=\"elementor-post__read-more-wrapper\">\n\t\t\n\t\t<a class=\"elementor-post__read-more\" href=\"https:\/\/primecafes.com\/index.php\/2026\/03\/09\/safra-de-cafe-conilon-puxa-alta-do-pib-do-espirito-santo-em-2025\/\" aria-label=\"Leia mais sobre Safra de caf\u00e9 conilon puxa alta do PIB do Esp\u00edrito Santo em 2025\" tabindex=\"-1\" target=\"_blank\">\n\t\t\tLeia Mais \u00bb\t\t<\/a>\n\n\t\t\t\t\t<\/div>\n\t\t\t\t<\/div>\n\t\t\t\t<div class=\"elementor-post__meta-data\">\n\t\t\t\t\t<span class=\"elementor-post-date\">\n\t\t\t09\/03\/2026\t\t<\/span>\n\t\t\t\t<span class=\"elementor-post-avatar\">\n\t\t\tNenhum coment\u00e1rio\t\t<\/span>\n\t\t\t\t<\/div>\n\t\t\t\t\t<\/div>\n\t\t<\/article>\n\t\t\t\t<article class=\"elementor-post elementor-grid-item post-1195 post type-post status-publish format-standard has-post-thumbnail hentry category-sem-categoria\">\n\t\t\t<div class=\"elementor-post__card\">\n\t\t\t\t<a class=\"elementor-post__thumbnail__link\" href=\"https:\/\/primecafes.com\/index.php\/2026\/03\/06\/mercado-de-cafe-registra-forte-queda-em-fevereiro-e-reage-a-projecao-de-safra-recorde-anunciada-pela-conab\/\" tabindex=\"-1\" target=\"_blank\"><div class=\"elementor-post__thumbnail\"><img loading=\"lazy\" decoding=\"async\" width=\"300\" height=\"200\" src=\"https:\/\/primecafes.com\/wp-content\/uploads\/2026\/03\/business-concept-with-copy-space-office-desk-table-with-pen-focus-analysis-chart-computer-notebook-cup-coffee-desk-vintage-tone-retro-filter-selective-focus-1024x683-1-300x200.jpg\" class=\"attachment-medium size-medium wp-image-1196\" alt=\"\" srcset=\"https:\/\/primecafes.com\/wp-content\/uploads\/2026\/03\/business-concept-with-copy-space-office-desk-table-with-pen-focus-analysis-chart-computer-notebook-cup-coffee-desk-vintage-tone-retro-filter-selective-focus-1024x683-1-300x200.jpg 300w, https:\/\/primecafes.com\/wp-content\/uploads\/2026\/03\/business-concept-with-copy-space-office-desk-table-with-pen-focus-analysis-chart-computer-notebook-cup-coffee-desk-vintage-tone-retro-filter-selective-focus-1024x683-1-768x512.jpg 768w, https:\/\/primecafes.com\/wp-content\/uploads\/2026\/03\/business-concept-with-copy-space-office-desk-table-with-pen-focus-analysis-chart-computer-notebook-cup-coffee-desk-vintage-tone-retro-filter-selective-focus-1024x683-1.jpg 1024w\" sizes=\"(max-width: 300px) 100vw, 300px\" \/><\/div><\/a>\n\t\t\t\t<div class=\"elementor-post__badge\">Sem categoria<\/div>\n\t\t\t\t<div class=\"elementor-post__text\">\n\t\t\t\t<h3 class=\"elementor-post__title\">\n\t\t\t<a href=\"https:\/\/primecafes.com\/index.php\/2026\/03\/06\/mercado-de-cafe-registra-forte-queda-em-fevereiro-e-reage-a-projecao-de-safra-recorde-anunciada-pela-conab\/\" target=&quot;_blank&quot;>\n\t\t\t\tMercado de caf\u00e9 registra forte queda em fevereiro e reage \u00e0 proje\u00e7\u00e3o de safra recorde anunciada pela Conab\t\t\t<\/a>\n\t\t<\/h3>\n\t\t\t\t<div class=\"elementor-post__excerpt\">\n\t\t\t<p>*Por Rafael Teixeira O m\u00eas de fevereiro come\u00e7ou com forte press\u00e3o baixista no mercado de caf\u00e9, refletindo um movimento r\u00e1pido de corre\u00e7\u00e3o nos pre\u00e7os ap\u00f3s<\/p>\n\t\t<\/div>\n\t\t\t\t\t<div class=\"elementor-post__read-more-wrapper\">\n\t\t\n\t\t<a class=\"elementor-post__read-more\" href=\"https:\/\/primecafes.com\/index.php\/2026\/03\/06\/mercado-de-cafe-registra-forte-queda-em-fevereiro-e-reage-a-projecao-de-safra-recorde-anunciada-pela-conab\/\" aria-label=\"Leia mais sobre Mercado de caf\u00e9 registra forte queda em fevereiro e reage \u00e0 proje\u00e7\u00e3o de safra recorde anunciada pela Conab\" tabindex=\"-1\" target=\"_blank\">\n\t\t\tLeia Mais \u00bb\t\t<\/a>\n\n\t\t\t\t\t<\/div>\n\t\t\t\t<\/div>\n\t\t\t\t<div class=\"elementor-post__meta-data\">\n\t\t\t\t\t<span class=\"elementor-post-date\">\n\t\t\t06\/03\/2026\t\t<\/span>\n\t\t\t\t<span class=\"elementor-post-avatar\">\n\t\t\tNenhum coment\u00e1rio\t\t<\/span>\n\t\t\t\t<\/div>\n\t\t\t\t\t<\/div>\n\t\t<\/article>\n\t\t\t\t<\/div>\n\t\t\n\t\t\t\t<div class=\"e-load-more-anchor\" data-page=\"1\" data-max-page=\"18\" data-next-page=\"https:\/\/primecafes.com\/index.php\/wp-json\/wp\/v2\/pages\/60\/page\/2\/\"><\/div>\n\t\t\t\t<nav class=\"elementor-pagination\" aria-label=\"Pagina\u00e7\u00e3o\">\n\t\t\t<span aria-current=\"page\" class=\"page-numbers current\"><span class=\"elementor-screen-only\">P\u00e1gina<\/span>1<\/span>\n<a class=\"page-numbers\" href=\"https:\/\/primecafes.com\/index.php\/wp-json\/wp\/v2\/pages\/60\/page\/2\/\"><span class=\"elementor-screen-only\">P\u00e1gina<\/span>2<\/a>\n<a class=\"page-numbers\" href=\"https:\/\/primecafes.com\/index.php\/wp-json\/wp\/v2\/pages\/60\/page\/3\/\"><span class=\"elementor-screen-only\">P\u00e1gina<\/span>3<\/a>\n<a class=\"page-numbers\" href=\"https:\/\/primecafes.com\/index.php\/wp-json\/wp\/v2\/pages\/60\/page\/4\/\"><span class=\"elementor-screen-only\">P\u00e1gina<\/span>4<\/a>\n<a class=\"page-numbers\" href=\"https:\/\/primecafes.com\/index.php\/wp-json\/wp\/v2\/pages\/60\/page\/5\/\"><span class=\"elementor-screen-only\">P\u00e1gina<\/span>5<\/a>\t\t<\/nav>\n\t\t\t\t\t\t<\/div>\n\t\t\t\t<\/div>\n\t\t\t\t\t<\/div>\n\t\t<\/div>\n\t\t\t\t\t<\/div>\n\t\t<\/section>\n\t\t\t\t<\/div>\n\t\t","protected":false},"excerpt":{"rendered":"<p>\u00daltimos Posts<\/p>\n","protected":false},"author":1,"featured_media":0,"parent":0,"menu_order":0,"comment_status":"closed","ping_status":"closed","template":"elementor_header_footer","meta":{"footnotes":""},"class_list":["post-60","page","type-page","status-publish","hentry"],"_links":{"self":[{"href":"https:\/\/primecafes.com\/index.php\/wp-json\/wp\/v2\/pages\/60","targetHints":{"allow":["GET"]}}],"collection":[{"href":"https:\/\/primecafes.com\/index.php\/wp-json\/wp\/v2\/pages"}],"about":[{"href":"https:\/\/primecafes.com\/index.php\/wp-json\/wp\/v2\/types\/page"}],"author":[{"embeddable":true,"href":"https:\/\/primecafes.com\/index.php\/wp-json\/wp\/v2\/users\/1"}],"replies":[{"embeddable":true,"href":"https:\/\/primecafes.com\/index.php\/wp-json\/wp\/v2\/comments?post=60"}],"version-history":[{"count":10,"href":"https:\/\/primecafes.com\/index.php\/wp-json\/wp\/v2\/pages\/60\/revisions"}],"predecessor-version":[{"id":758,"href":"https:\/\/primecafes.com\/index.php\/wp-json\/wp\/v2\/pages\/60\/revisions\/758"}],"wp:attachment":[{"href":"https:\/\/primecafes.com\/index.php\/wp-json\/wp\/v2\/media?parent=60"}],"curies":[{"name":"wp","href":"https:\/\/api.w.org\/{rel}","templated":true}]}}