{"id":194,"date":"2024-12-04T22:12:55","date_gmt":"2024-12-05T01:12:55","guid":{"rendered":"http:\/\/primecafes.com\/?page_id=194"},"modified":"2025-01-16T22:13:21","modified_gmt":"2025-01-17T01:13:21","slug":"sobre","status":"publish","type":"page","link":"https:\/\/primecafes.com\/index.php\/sobre\/","title":{"rendered":"Sobre N\u00f3s"},"content":{"rendered":"\t\t<div data-elementor-type=\"wp-page\" data-elementor-id=\"194\" class=\"elementor elementor-194\" data-elementor-post-type=\"page\">\n\t\t\t\t\t\t<section class=\"elementor-section elementor-top-section elementor-element elementor-element-186a82d elementor-section-boxed elementor-section-height-default elementor-section-height-default\" data-id=\"186a82d\" data-element_type=\"section\" data-settings=\"{&quot;background_background&quot;:&quot;classic&quot;,&quot;background_motion_fx_motion_fx_scrolling&quot;:&quot;yes&quot;,&quot;background_motion_fx_translateY_effect&quot;:&quot;yes&quot;,&quot;background_motion_fx_translateY_speed&quot;:{&quot;unit&quot;:&quot;px&quot;,&quot;size&quot;:4,&quot;sizes&quot;:[]},&quot;background_motion_fx_translateY_affectedRange&quot;:{&quot;unit&quot;:&quot;%&quot;,&quot;size&quot;:&quot;&quot;,&quot;sizes&quot;:{&quot;start&quot;:0,&quot;end&quot;:100}},&quot;background_motion_fx_devices&quot;:[&quot;desktop&quot;,&quot;tablet&quot;,&quot;mobile&quot;]}\">\n\t\t\t\t\t\t\t<div class=\"elementor-background-overlay\"><\/div>\n\t\t\t\t\t\t\t<div class=\"elementor-container elementor-column-gap-default\">\n\t\t\t\t\t<div class=\"elementor-column elementor-col-100 elementor-top-column elementor-element elementor-element-4bad01d9\" data-id=\"4bad01d9\" data-element_type=\"column\">\n\t\t\t<div class=\"elementor-widget-wrap elementor-element-populated\">\n\t\t\t\t\t\t\t<\/div>\n\t\t<\/div>\n\t\t\t\t\t<\/div>\n\t\t<\/section>\n\t\t<div class=\"elementor-element elementor-element-8e2d60d e-flex e-con-boxed e-con e-parent\" data-id=\"8e2d60d\" data-element_type=\"container\">\n\t\t\t\t\t<div class=\"e-con-inner\">\n\t\t\t\t<div class=\"elementor-element elementor-element-044f9fa elementor-widget elementor-widget-heading\" data-id=\"044f9fa\" data-element_type=\"widget\" data-widget_type=\"heading.default\">\n\t\t\t\t<div class=\"elementor-widget-container\">\n\t\t\t\t\t<h2 class=\"elementor-heading-title elementor-size-default\">Um pouco de n\u00f3s<\/h2>\t\t\t\t<\/div>\n\t\t\t\t<\/div>\n\t\t\t\t<div class=\"elementor-element elementor-element-8e9acca elementor-widget elementor-widget-text-editor\" data-id=\"8e9acca\" data-element_type=\"widget\" data-widget_type=\"text-editor.default\">\n\t\t\t\t<div class=\"elementor-widget-container\">\n\t\t\t\t\t\t\t\t\t<p>Fundada em 2015 na cidade de Linhares, Esp\u00edrito Santo, a Prime Caf\u00e9 nasceu com o prop\u00f3sito de conectar produtores, comerciantes e investidores ao mercado de caf\u00e9 conilon, oferecendo servi\u00e7os de excel\u00eancia em corretagem. Jovem e arrojada, a empresa carrega em seu DNA a agilidade, transpar\u00eancia e o respeito aos seus clientes, garantindo neg\u00f3cios rent\u00e1veis e conscientes. <br \/>Nosso Diretor Comercial Rafael Teixeira soube unir com maestria oportunidade e talento, al\u00e9m de fundar a Prime Caf\u00e9, ele acumula mais de 20 anos no setor de commodities.<br \/>Com uma vis\u00e3o inovadora, a Prime Caf\u00e9 proporciona informa\u00e7\u00f5es em tempo real sobre tend\u00eancias, pre\u00e7os e atualiza\u00e7\u00f5es nas principais bolsas de caf\u00e9 do mundo. Dessa forma, produtores e comerciantes t\u00eam acesso antecipado ao que acontece diariamente no mercado, incluindo proje\u00e7\u00f5es para o futuro da commodity.<br \/>Trabalhamos com uma miss\u00e3o clara: oferecer a melhor an\u00e1lise de mercado de caf\u00e9, com agilidade e transpar\u00eancia, desde o fechamento de neg\u00f3cios at\u00e9 a liquida\u00e7\u00e3o dos contratos. Com isso, buscamos consolidar sua vis\u00e3o de expandir sua atua\u00e7\u00e3o para os mercados nacional e internacional, sempre com o suporte de uma equipe altamente qualificada e especializada.<br \/>Presente em mercados estrat\u00e9gicos ao redor do mundo, os caf\u00e9s comercializados pela Prime alcan\u00e7am multinacionais em pa\u00edses como Su\u00ed\u00e7a, Fran\u00e7a, China, Inglaterra, Nicar\u00e1gua, Brasil, \u00cdndia e Espanha. Essa ampla rede de atua\u00e7\u00e3o reflete o compromisso da empresa em levar o caf\u00e9 brasileiro a novos patamares, conectando o campo \u00e0s maiores oportunidades globais.<br \/>Nossos valores s\u00e3o: transpar\u00eancia, seguran\u00e7a, seriedade, compromisso com o cliente e agilidade. Cada negocia\u00e7\u00e3o \u00e9 conduzida com o cuidado e a expertise necess\u00e1rias para garantir o sucesso de seus parceiros e clientes, consolidando a empresa como uma refer\u00eancia no setor cafeeiro.<br \/>Essa \u00e9 a Prime Caf\u00e9: uma empresa que nasceu com o objetivo de transformar o mercado de caf\u00e9 e que, diariamente, constr\u00f3i sua hist\u00f3ria ao lado de produtores, investidores e parceiros.<\/p>\t\t\t\t\t\t\t\t<\/div>\n\t\t\t\t<\/div>\n\t\t\t\t\t<\/div>\n\t\t\t\t<\/div>\n\t\t<div class=\"elementor-element elementor-element-c6ce690 e-flex e-con-boxed e-con e-parent\" data-id=\"c6ce690\" data-element_type=\"container\">\n\t\t\t\t\t<div class=\"e-con-inner\">\n\t\t<div class=\"elementor-element elementor-element-a141d27 e-con-full e-flex e-con e-child\" data-id=\"a141d27\" data-element_type=\"container\" data-settings=\"{&quot;background_background&quot;:&quot;classic&quot;}\">\n\t\t\t\t<div class=\"elementor-element elementor-element-2ae58c1 elementor-widget elementor-widget-heading\" data-id=\"2ae58c1\" data-element_type=\"widget\" data-widget_type=\"heading.default\">\n\t\t\t\t<div class=\"elementor-widget-container\">\n\t\t\t\t\t<h2 class=\"elementor-heading-title elementor-size-default\">Miss\u00e3o<\/h2>\t\t\t\t<\/div>\n\t\t\t\t<\/div>\n\t\t\t\t<div class=\"elementor-element elementor-element-e15ac70 elementor-widget elementor-widget-text-editor\" data-id=\"e15ac70\" data-element_type=\"widget\" data-widget_type=\"text-editor.default\">\n\t\t\t\t<div class=\"elementor-widget-container\">\n\t\t\t\t\t\t\t\t\t<p>Oferecer aos nossos clientes a melhor an\u00e1lise de mercado do caf\u00e9, com agilidade e transpar\u00eancia nas negocia\u00e7\u00f5es, desde o fechamento do neg\u00f3cio at\u00e9 as liquida\u00e7\u00f5es de contrato.<\/p>\t\t\t\t\t\t\t\t<\/div>\n\t\t\t\t<\/div>\n\t\t\t\t<\/div>\n\t\t<div class=\"elementor-element elementor-element-99b942d e-con-full e-flex e-con e-child\" data-id=\"99b942d\" data-element_type=\"container\" data-settings=\"{&quot;background_background&quot;:&quot;classic&quot;}\">\n\t\t\t\t<div class=\"elementor-element elementor-element-52b8eff elementor-widget elementor-widget-heading\" data-id=\"52b8eff\" data-element_type=\"widget\" data-widget_type=\"heading.default\">\n\t\t\t\t<div class=\"elementor-widget-container\">\n\t\t\t\t\t<h2 class=\"elementor-heading-title elementor-size-default\">Vis\u00e3o<\/h2>\t\t\t\t<\/div>\n\t\t\t\t<\/div>\n\t\t\t\t<div class=\"elementor-element elementor-element-74bd817 elementor-widget elementor-widget-text-editor\" data-id=\"74bd817\" data-element_type=\"widget\" data-widget_type=\"text-editor.default\">\n\t\t\t\t<div class=\"elementor-widget-container\">\n\t\t\t\t\t\t\t\t\t<p>Por meio de parceiros comerciais expandir a Prime Caf\u00e9 para o mercado nacional e internaciona, sempre contando com uma equipe profissional e especializada.<\/p>\t\t\t\t\t\t\t\t<\/div>\n\t\t\t\t<\/div>\n\t\t\t\t<\/div>\n\t\t<div class=\"elementor-element elementor-element-84e1b33 e-con-full e-flex e-con e-child\" data-id=\"84e1b33\" data-element_type=\"container\" data-settings=\"{&quot;background_background&quot;:&quot;classic&quot;}\">\n\t\t\t\t<div class=\"elementor-element elementor-element-cb9f784 elementor-widget elementor-widget-heading\" data-id=\"cb9f784\" data-element_type=\"widget\" data-widget_type=\"heading.default\">\n\t\t\t\t<div class=\"elementor-widget-container\">\n\t\t\t\t\t<h2 class=\"elementor-heading-title elementor-size-default\">Valores<\/h2>\t\t\t\t<\/div>\n\t\t\t\t<\/div>\n\t\t\t\t<div class=\"elementor-element elementor-element-592b3e2 elementor-widget elementor-widget-text-editor\" data-id=\"592b3e2\" data-element_type=\"widget\" data-widget_type=\"text-editor.default\">\n\t\t\t\t<div class=\"elementor-widget-container\">\n\t\t\t\t\t\t\t\t\t<ul><li>Transpar\u00eancia;<\/li><li>Seguran\u00e7a;<\/li><li>Comprometimento com o cliente;<\/li><li>Seriedade nos neg\u00f3cios;<\/li><li>Agilidade.<\/li><\/ul>\t\t\t\t\t\t\t\t<\/div>\n\t\t\t\t<\/div>\n\t\t\t\t<\/div>\n\t\t\t\t\t<\/div>\n\t\t\t\t<\/div>\n\t\t\t\t<section class=\"elementor-section elementor-top-section elementor-element elementor-element-58e17633 elementor-section-full_width elementor-section-height-min-height elementor-section-items-stretch elementor-section-stretched elementor-section-height-default\" data-id=\"58e17633\" data-element_type=\"section\" data-settings=\"{&quot;stretch_section&quot;:&quot;section-stretched&quot;,&quot;background_background&quot;:&quot;classic&quot;}\">\n\t\t\t\t\t\t<div class=\"elementor-container elementor-column-gap-default\">\n\t\t\t\t\t<div class=\"elementor-column elementor-col-50 elementor-top-column elementor-element elementor-element-527939bf elementor-hidden-mobile\" data-id=\"527939bf\" data-element_type=\"column\" data-settings=\"{&quot;animation&quot;:&quot;none&quot;,&quot;animation_tablet&quot;:&quot;fadeIn&quot;,&quot;background_background&quot;:&quot;classic&quot;}\">\n\t\t\t<div class=\"elementor-widget-wrap elementor-element-populated\">\n\t\t\t\t\t\t<div class=\"elementor-element elementor-element-a87902d elementor-view-stacked animated-fast elementor-widget__width-initial elementor-shape-circle elementor-position-top elementor-mobile-position-top elementor-invisible elementor-widget elementor-widget-icon-box\" data-id=\"a87902d\" data-element_type=\"widget\" data-settings=\"{&quot;_animation&quot;:&quot;fadeInLeft&quot;,&quot;_animation_delay&quot;:300,&quot;_animation_tablet&quot;:&quot;fadeIn&quot;}\" data-widget_type=\"icon-box.default\">\n\t\t\t\t<div class=\"elementor-widget-container\">\n\t\t\t\t\t\t\t<div class=\"elementor-icon-box-wrapper\">\n\n\t\t\t\t\t\t<div class=\"elementor-icon-box-icon\">\n\t\t\t\t<span  class=\"elementor-icon\">\n\t\t\t\t<svg aria-hidden=\"true\" class=\"e-font-icon-svg e-fas-play\" viewBox=\"0 0 448 512\" xmlns=\"http:\/\/www.w3.org\/2000\/svg\"><path d=\"M424.4 214.7L72.4 6.6C43.8-10.3 0 6.1 0 47.9V464c0 37.5 40.7 60.1 72.4 41.3l352-208c31.4-18.5 31.5-64.1 0-82.6z\"><\/path><\/svg>\t\t\t\t<\/span>\n\t\t\t<\/div>\n\t\t\t\n\t\t\t\t\t\t<div class=\"elementor-icon-box-content\">\n\n\t\t\t\t\t\t\t\t\t<h2 class=\"elementor-icon-box-title\">\n\t\t\t\t\t\t<span  >\n\t\t\t\t\t\t\tConhe\u00e7a um Pouco da Nossa Hist\u00f3ria\t\t\t\t\t\t<\/span>\n\t\t\t\t\t<\/h2>\n\t\t\t\t\n\t\t\t\t\t\t\t\t\t<p class=\"elementor-icon-box-description\">\n\t\t\t\t\t\tClique no bot\u00e3o acima e assista um v\u00eddeo curto sobre n\u00f3s e nossos servi\u00e7os\t\t\t\t\t<\/p>\n\t\t\t\t\n\t\t\t<\/div>\n\t\t\t\n\t\t<\/div>\n\t\t\t\t\t\t<\/div>\n\t\t\t\t<\/div>\n\t\t\t\t\t<\/div>\n\t\t<\/div>\n\t\t\t\t<div class=\"elementor-column elementor-col-50 elementor-top-column elementor-element elementor-element-5af2bc6c elementor-invisible\" data-id=\"5af2bc6c\" data-element_type=\"column\" data-settings=\"{&quot;background_background&quot;:&quot;classic&quot;,&quot;animation&quot;:&quot;fadeInRight&quot;,&quot;animation_tablet&quot;:&quot;fadeIn&quot;}\">\n\t\t\t<div class=\"elementor-widget-wrap elementor-element-populated\">\n\t\t\t\t\t\t<div class=\"elementor-element elementor-element-4ebcf88 elementor-hidden-desktop elementor-hidden-tablet elementor-widget elementor-widget-spacer\" data-id=\"4ebcf88\" data-element_type=\"widget\" data-widget_type=\"spacer.default\">\n\t\t\t\t<div class=\"elementor-widget-container\">\n\t\t\t\t\t\t\t<div class=\"elementor-spacer\">\n\t\t\t<div class=\"elementor-spacer-inner\"><\/div>\n\t\t<\/div>\n\t\t\t\t\t\t<\/div>\n\t\t\t\t<\/div>\n\t\t\t\t<div class=\"elementor-element elementor-element-3e795b3 elementor-widget elementor-widget-video\" data-id=\"3e795b3\" data-element_type=\"widget\" data-settings=\"{&quot;video_type&quot;:&quot;hosted&quot;,&quot;controls&quot;:&quot;yes&quot;}\" data-widget_type=\"video.default\">\n\t\t\t\t<div class=\"elementor-widget-container\">\n\t\t\t\t\t\t\t<div class=\"e-hosted-video elementor-wrapper elementor-open-inline\">\n\t\t\t\t\t<video class=\"elementor-video\" src=\"http:\/\/primecafes.com\/wp-content\/uploads\/2025\/01\/FILME-PRIME-CAFE-LETTERING-legendado.mp4\" controls=\"\" preload=\"metadata\" controlsList=\"nodownload\"><\/video>\n\t\t\t\t<\/div>\n\t\t\t\t\t\t<\/div>\n\t\t\t\t<\/div>\n\t\t\t\t\t<\/div>\n\t\t<\/div>\n\t\t\t\t\t<\/div>\n\t\t<\/section>\n\t\t\t\t<\/div>\n\t\t","protected":false},"excerpt":{"rendered":"<p>Um pouco de n\u00f3s Fundada em 2015 na cidade de Linhares, Esp\u00edrito Santo, a Prime Caf\u00e9 nasceu com o prop\u00f3sito de conectar produtores, comerciantes e investidores ao mercado de caf\u00e9 conilon, oferecendo servi\u00e7os de excel\u00eancia em corretagem. Jovem e arrojada, a empresa carrega em seu DNA a agilidade, transpar\u00eancia e o respeito aos seus clientes, [&hellip;]<\/p>\n","protected":false},"author":1,"featured_media":0,"parent":0,"menu_order":0,"comment_status":"closed","ping_status":"closed","template":"elementor_header_footer","meta":{"footnotes":""},"class_list":["post-194","page","type-page","status-publish","hentry"],"_links":{"self":[{"href":"https:\/\/primecafes.com\/index.php\/wp-json\/wp\/v2\/pages\/194","targetHints":{"allow":["GET"]}}],"collection":[{"href":"https:\/\/primecafes.com\/index.php\/wp-json\/wp\/v2\/pages"}],"about":[{"href":"https:\/\/primecafes.com\/index.php\/wp-json\/wp\/v2\/types\/page"}],"author":[{"embeddable":true,"href":"https:\/\/primecafes.com\/index.php\/wp-json\/wp\/v2\/users\/1"}],"replies":[{"embeddable":true,"href":"https:\/\/primecafes.com\/index.php\/wp-json\/wp\/v2\/comments?post=194"}],"version-history":[{"count":32,"href":"https:\/\/primecafes.com\/index.php\/wp-json\/wp\/v2\/pages\/194\/revisions"}],"predecessor-version":[{"id":551,"href":"https:\/\/primecafes.com\/index.php\/wp-json\/wp\/v2\/pages\/194\/revisions\/551"}],"wp:attachment":[{"href":"https:\/\/primecafes.com\/index.php\/wp-json\/wp\/v2\/media?parent=194"}],"curies":[{"name":"wp","href":"https:\/\/api.w.org\/{rel}","templated":true}]}}