{"id":1086,"date":"2025-11-07T08:57:27","date_gmt":"2025-11-07T11:57:27","guid":{"rendered":"https:\/\/primecafes.com\/?page_id=1086"},"modified":"2025-11-07T10:43:29","modified_gmt":"2025-11-07T13:43:29","slug":"contrato","status":"publish","type":"page","link":"https:\/\/primecafes.com\/index.php\/contrato\/","title":{"rendered":"Contrato Futuro"},"content":{"rendered":"\t\t<div data-elementor-type=\"wp-page\" data-elementor-id=\"1086\" class=\"elementor elementor-1086\" data-elementor-post-type=\"page\">\n\t\t\t\t<div class=\"elementor-element elementor-element-c747a91 e-flex e-con-boxed elementor-invisible e-con e-parent\" data-id=\"c747a91\" data-element_type=\"container\" data-settings=\"{&quot;background_background&quot;:&quot;classic&quot;,&quot;animation&quot;:&quot;fadeIn&quot;,&quot;animation_mobile&quot;:&quot;fadeIn&quot;,&quot;background_motion_fx_motion_fx_scrolling&quot;:&quot;yes&quot;,&quot;background_motion_fx_scale_effect&quot;:&quot;yes&quot;,&quot;background_motion_fx_scale_speed&quot;:{&quot;unit&quot;:&quot;px&quot;,&quot;size&quot;:2,&quot;sizes&quot;:[]},&quot;background_motion_fx_scale_direction&quot;:&quot;out-in&quot;,&quot;background_motion_fx_scale_range&quot;:{&quot;unit&quot;:&quot;%&quot;,&quot;size&quot;:&quot;&quot;,&quot;sizes&quot;:{&quot;start&quot;:20,&quot;end&quot;:80}},&quot;background_motion_fx_devices&quot;:[&quot;desktop&quot;,&quot;tablet&quot;,&quot;mobile&quot;]}\">\n\t\t\t\t\t<div class=\"e-con-inner\">\n\t\t<div class=\"elementor-element elementor-element-83fb28d e-con-full e-flex e-con e-child\" data-id=\"83fb28d\" data-element_type=\"container\">\n\t\t\t\t<div class=\"elementor-element elementor-element-98fe99b elementor-widget elementor-widget-heading\" data-id=\"98fe99b\" data-element_type=\"widget\" data-widget_type=\"heading.default\">\n\t\t\t\t<div class=\"elementor-widget-container\">\n\t\t\t\t\t<h1 class=\"elementor-heading-title elementor-size-default\">Contrato Futuro<\/h1>\t\t\t\t<\/div>\n\t\t\t\t<\/div>\n\t\t\t\t<\/div>\n\t\t\t\t\t<\/div>\n\t\t\t\t<\/div>\n\t\t<div class=\"elementor-element elementor-element-9077b3b e-con-full e-flex e-con e-parent\" data-id=\"9077b3b\" data-element_type=\"container\">\n\t\t<div class=\"elementor-element elementor-element-1843fea e-con-full e-flex e-con e-child\" data-id=\"1843fea\" data-element_type=\"container\">\n\t\t\t\t<div class=\"elementor-element elementor-element-07c268b elementor-widget elementor-widget-text-editor\" data-id=\"07c268b\" data-element_type=\"widget\" data-widget_type=\"text-editor.default\">\n\t\t\t\t<div class=\"elementor-widget-container\">\n\t\t\t\t\t\t\t\t\t<p><b>Caf\u00e9 e Bolsa de Valores: do gr\u00e3o ao mercado financeiro.<\/b><b><br \/><\/b><\/p>\t\t\t\t\t\t\t\t<\/div>\n\t\t\t\t<\/div>\n\t\t\t\t<div class=\"elementor-element elementor-element-59036c7 elementor-widget elementor-widget-text-editor\" data-id=\"59036c7\" data-element_type=\"widget\" data-widget_type=\"text-editor.default\">\n\t\t\t\t<div class=\"elementor-widget-container\">\n\t\t\t\t\t\t\t\t\t<p><span style=\"font-weight: 400;\">O caf\u00e9 \u00e9 muito mais do que uma bebida. Ele carrega hist\u00f3ria, cultura e a paix\u00e3o de gera\u00e7\u00f5es de brasileiros. Do aroma que invade as planta\u00e7\u00f5es ao sabor que desperta o dia, conecta pessoas, movimenta cidades e inspira movimentos, mostrando que tradi\u00e7\u00e3o e inova\u00e7\u00e3o podem caminhar juntas.<\/span><\/p><p><span style=\"font-weight: 400;\">H\u00e1 s\u00e9culos, o Brasil se consolidou como refer\u00eancia mundial na produ\u00e7\u00e3o de caf\u00e9, n\u00e3o apenas pela quantidade, mas pela qualidade que atravessa fronteiras e gera valor econ\u00f4mico e cultural. O caf\u00e9 se tornou um ativo estrat\u00e9gico, n\u00e3o s\u00f3 no consumo, mas tamb\u00e9m no mercado financeiro global. Hoje, esse gr\u00e3o t\u00e3o familiar tamb\u00e9m ocupa um novo espa\u00e7o: o mercado financeiro, oferecendo oportunidades para produtores, investidores e toda a cadeia do agroneg\u00f3cio.<\/span><\/p><p><span style=\"font-weight: 400;\">Estar na Bolsa de Valores n\u00e3o cria valor do caf\u00e9 em si, que j\u00e1 \u00e9 uma commodity reconhecida internacionalmente e historicamente negociada em d\u00f3lares nos mercados externos, mas transforma os gr\u00e3os em um ativo financeiro padronizado e negoci\u00e1vel no pa\u00eds, aproximando o campo do mercado financeiro de forma organizada e segura. Essa transi\u00e7\u00e3o para contratos cotados em reais significa mais controle sobre pre\u00e7os, planejamento confi\u00e1vel de safras e prote\u00e7\u00e3o contra oscila\u00e7\u00f5es cambiais, fortalecendo o mercado interno e oferecendo novas possibilidades para investidores e comerciantes.<\/span><\/p><p><span style=\"font-weight: 400;\">Por exemplo, um produtor pode fechar hoje a venda futura de 1.000 sacas de caf\u00e9 Conilon a um pre\u00e7o pr\u00e9-definido. Assim, garante receita e previsibilidade, mesmo que o valor do caf\u00e9 caia no futuro. Ao mesmo tempo, o investidor que compra esse contrato aposta na valoriza\u00e7\u00e3o do produto, criando uma rela\u00e7\u00e3o vantajosa para ambos.<\/span><\/p>\t\t\t\t\t\t\t\t<\/div>\n\t\t\t\t<\/div>\n\t\t\t\t<\/div>\n\t\t\t\t<\/div>\n\t\t<div class=\"elementor-element elementor-element-43da7c2 e-con-full e-flex e-con e-parent\" data-id=\"43da7c2\" data-element_type=\"container\">\n\t\t<div class=\"elementor-element elementor-element-5990d89 e-con-full e-flex e-con e-child\" data-id=\"5990d89\" data-element_type=\"container\">\n\t\t\t\t<div class=\"elementor-element elementor-element-5af6dc8 elementor-widget elementor-widget-text-editor\" data-id=\"5af6dc8\" data-element_type=\"widget\" data-widget_type=\"text-editor.default\">\n\t\t\t\t<div class=\"elementor-widget-container\">\n\t\t\t\t\t\t\t\t\t<p>O que \u00e9 a Bolsa de Valores e para que ela serve?<\/p>\t\t\t\t\t\t\t\t<\/div>\n\t\t\t\t<\/div>\n\t\t\t\t<div class=\"elementor-element elementor-element-99cd1b3 elementor-widget elementor-widget-text-editor\" data-id=\"99cd1b3\" data-element_type=\"widget\" data-widget_type=\"text-editor.default\">\n\t\t\t\t<div class=\"elementor-widget-container\">\n\t\t\t\t\t\t\t\t\t<p><span style=\"font-weight: 400;\">A Bolsa de Valores \u00e9 um ambiente estruturado e regulamentado, onde empresas, investidores e produtores negociam ativos financeiros. Ela tem como objetivo conectar quem tem capital a quem precisa dele, garantindo que neg\u00f3cios sejam realizados com transpar\u00eancia, seguran\u00e7a e efici\u00eancia.<\/span><\/p><ul><li><b>Quem negocia na Bolsa?<\/b><span style=\"font-weight: 400;\"> Pessoas f\u00edsicas, empresas, fundos, bancos e corretoras.<\/span><\/li><li><b>Como os pre\u00e7os s\u00e3o definidos?<\/b><span style=\"font-weight: 400;\"> Pelo equil\u00edbrio entre oferta e demanda, dentro de regras claras e fiscalizadas.<\/span><\/li><li><b>Por que a Bolsa \u00e9 importante?<\/b><span style=\"font-weight: 400;\"> Ela permite o crescimento econ\u00f4mico, gera oportunidades de investimento e oferece previsibilidade e seguran\u00e7a para produtores e investidores.<\/span><\/li><\/ul>\t\t\t\t\t\t\t\t<\/div>\n\t\t\t\t<\/div>\n\t\t\t\t<\/div>\n\t\t\t\t<\/div>\n\t\t<div class=\"elementor-element elementor-element-363ca78 e-con-full e-flex e-con e-parent\" data-id=\"363ca78\" data-element_type=\"container\">\n\t\t<div class=\"elementor-element elementor-element-68efce0 e-con-full e-flex e-con e-child\" data-id=\"68efce0\" data-element_type=\"container\">\n\t\t\t\t<div class=\"elementor-element elementor-element-3ecb4ac elementor-widget elementor-widget-text-editor\" data-id=\"3ecb4ac\" data-element_type=\"widget\" data-widget_type=\"text-editor.default\">\n\t\t\t\t<div class=\"elementor-widget-container\">\n\t\t\t\t\t\t\t\t\t<p>O que s\u00e3o commodities e como funciona o mercado futuro?<\/p>\t\t\t\t\t\t\t\t<\/div>\n\t\t\t\t<\/div>\n\t\t\t\t<div class=\"elementor-element elementor-element-66d9ffc elementor-widget elementor-widget-text-editor\" data-id=\"66d9ffc\" data-element_type=\"widget\" data-widget_type=\"text-editor.default\">\n\t\t\t\t<div class=\"elementor-widget-container\">\n\t\t\t\t\t\t\t\t\t<p><span style=\"font-weight: 400;\">Uma commodity \u00e9 uma mat\u00e9ria-prima essencial, padronizada e reconhecida globalmente. O caf\u00e9, assim como o petr\u00f3leo, o milho, a soja e o boi gordo, \u00e9 uma commodity que pode ser comprada e vendida de forma transparente.<\/span><\/p><p><span style=\"font-weight: 400;\">O mercado futuro \u00e9 um mecanismo que permite que produtores e compradores se protejam da volatilidade de pre\u00e7os. Em vez de esperar pela colheita e encarar pre\u00e7os incertos, \u00e9 poss\u00edvel fechar hoje contratos para entrega futura, garantindo um pre\u00e7o definido. Isso traz previsibilidade, planejamento estrat\u00e9gico e oportunidades de investimento, beneficiando toda a cadeia produtiva.<\/span><\/p><ul><li><b>Por que os produtores usam o mercado futuro?<\/b><span style=\"font-weight: 400;\"> Para proteger-se contra quedas de pre\u00e7o e planejar a produ\u00e7\u00e3o com mais seguran\u00e7a.<\/span><\/li><li><b>Como investidores se beneficiam? <\/b><span style=\"font-weight: 400;\">Podem diversificar suas carteiras e acessar ativos estrat\u00e9gicos de forma organizada.<\/span><\/li><li><b>Isso muda o sabor ou qualidade do caf\u00e9? <\/b><span style=\"font-weight: 400;\">N\u00e3o, o caf\u00e9 continua o mesmo; o que muda \u00e9 a forma como ele \u00e9 negociado financeiramente.<\/span><\/li><\/ul>\t\t\t\t\t\t\t\t<\/div>\n\t\t\t\t<\/div>\n\t\t\t\t<\/div>\n\t\t\t\t<\/div>\n\t\t<div class=\"elementor-element elementor-element-e7000c3 e-con-full e-flex e-con e-parent\" data-id=\"e7000c3\" data-element_type=\"container\">\n\t\t<div class=\"elementor-element elementor-element-6c3bfcf e-con-full e-flex e-con e-child\" data-id=\"6c3bfcf\" data-element_type=\"container\">\n\t\t\t\t<div class=\"elementor-element elementor-element-d6f356b elementor-widget elementor-widget-text-editor\" data-id=\"d6f356b\" data-element_type=\"widget\" data-widget_type=\"text-editor.default\">\n\t\t\t\t<div class=\"elementor-widget-container\">\n\t\t\t\t\t\t\t\t\t<p>A B3 e o caf\u00e9 brasileiro: do campo ao preg\u00e3o<\/p>\t\t\t\t\t\t\t\t<\/div>\n\t\t\t\t<\/div>\n\t\t\t\t<div class=\"elementor-element elementor-element-5ee979c elementor-widget elementor-widget-text-editor\" data-id=\"5ee979c\" data-element_type=\"widget\" data-widget_type=\"text-editor.default\">\n\t\t\t\t<div class=\"elementor-widget-container\">\n\t\t\t\t\t\t\t\t\t<p><span style=\"font-weight: 400;\">A B3 (Brasil, Bolsa, Balc\u00e3o) negocia h\u00e1 d\u00e9cadas contratos futuros de caf\u00e9, principalmente do tipo Ar\u00e1bica. A grande inova\u00e7\u00e3o foi o lan\u00e7amento dos contratos futuros de Caf\u00e9 Conilon\/Robusta, cotados em reais e com entrega f\u00edsica no pa\u00eds.<\/span><\/p><p><span style=\"font-weight: 400;\">Antes, os produtores brasileiros precisavam negociar no mercado internacional e em d\u00f3lar, sujeitos a flutua\u00e7\u00f5es cambiais e \u00e0 volatilidade externa. Agora, eles passam a ter mais controle sobre seus pre\u00e7os, previsibilidade de receita e acesso direto ao mercado interno, sem depender exclusivamente do mercado externo.<\/span><\/p><p><span style=\"font-weight: 400;\">Al\u00e9m disso, essa iniciativa posiciona o caf\u00e9 brasileiro lado a lado com outras grandes commodities, fortalecendo sua relev\u00e2ncia no agroneg\u00f3cio e no mercado global. Cada negocia\u00e7\u00e3o na Bolsa resulta de planejamento, estrat\u00e9gia e conhecimento de mercado, mostrando que o valor do caf\u00e9 vai muito al\u00e9m do aroma e do sabor: \u00e9 resultado de decis\u00f5es financeiras, contratos bem estruturados e gest\u00e3o de risco.<\/span><\/p><p>\u00a0<\/p>\t\t\t\t\t\t\t\t<\/div>\n\t\t\t\t<\/div>\n\t\t\t\t<\/div>\n\t\t\t\t<\/div>\n\t\t<div class=\"elementor-element elementor-element-e118c75 e-con-full e-flex e-con e-parent\" data-id=\"e118c75\" data-element_type=\"container\">\n\t\t<div class=\"elementor-element elementor-element-a877b97 e-con-full e-flex e-con e-child\" data-id=\"a877b97\" data-element_type=\"container\">\n\t\t\t\t<div class=\"elementor-element elementor-element-69c6764 elementor-widget elementor-widget-text-editor\" data-id=\"69c6764\" data-element_type=\"widget\" data-widget_type=\"text-editor.default\">\n\t\t\t\t<div class=\"elementor-widget-container\">\n\t\t\t\t\t\t\t\t\t<p><b>Por que isso \u00e9 importante para o mercado e para os consumidores?<\/b><\/p>\t\t\t\t\t\t\t\t<\/div>\n\t\t\t\t<\/div>\n\t\t\t\t<div class=\"elementor-element elementor-element-f489066 elementor-widget elementor-widget-text-editor\" data-id=\"f489066\" data-element_type=\"widget\" data-widget_type=\"text-editor.default\">\n\t\t\t\t<div class=\"elementor-widget-container\">\n\t\t\t\t\t\t\t\t\t<p><span style=\"font-weight: 400;\">O pre\u00e7o do caf\u00e9 que chega \u00e0 sua x\u00edcara \u00e9 influenciado por diversos fatores: clima, colheita, demanda internacional e agora tamb\u00e9m decis\u00f5es estrat\u00e9gicas na Bolsa de Valores. Essa integra\u00e7\u00e3o entre campo e mercado financeiro oferece benef\u00edcios claros: produtores t\u00eam seguran\u00e7a e previsibilidade, investidores acessam oportunidades confi\u00e1veis e o mercado interno se fortalece.<\/span><\/p><p><span style=\"font-weight: 400;\">O Caf\u00e9 Conilon na B3 demonstra como a organiza\u00e7\u00e3o e a transpar\u00eancia podem transformar uma commodity tradicional em oportunidade de mercado, valorizando o gr\u00e3o, conectando produtores, comerciantes e investidores, e mostrando que cada x\u00edcara carrega hist\u00f3ria, planejamento e estrat\u00e9gia econ\u00f4mica.<\/span><\/p><p><span style=\"font-weight: 400;\">Assim, o caf\u00e9 brasileiro continua fazendo hist\u00f3ria, unindo tradi\u00e7\u00e3o, cultura, sabor, inova\u00e7\u00e3o e economia, provando que do gr\u00e3o \u00e0 x\u00edcara, o mercado financeiro pode caminhar lado a lado com a paix\u00e3o nacional pelo caf\u00e9.<\/span><\/p>\t\t\t\t\t\t\t\t<\/div>\n\t\t\t\t<\/div>\n\t\t\t\t<\/div>\n\t\t\t\t<\/div>\n\t\t<div class=\"elementor-element elementor-element-25e4c9b e-con-full e-flex e-con e-parent\" data-id=\"25e4c9b\" data-element_type=\"container\">\n\t\t<div class=\"elementor-element elementor-element-7301ce5 e-flex e-con-boxed e-con e-child\" data-id=\"7301ce5\" data-element_type=\"container\" data-settings=\"{&quot;background_background&quot;:&quot;classic&quot;}\">\n\t\t\t\t\t<div class=\"e-con-inner\">\n\t\t\t\t<div class=\"elementor-element elementor-element-d4c0f6f elementor-widget elementor-widget-heading\" data-id=\"d4c0f6f\" data-element_type=\"widget\" data-widget_type=\"heading.default\">\n\t\t\t\t<div class=\"elementor-widget-container\">\n\t\t\t\t\t<h2 class=\"elementor-heading-title elementor-size-default\">COMO O CONTRATO PODE ME AJUDAR<\/h2>\t\t\t\t<\/div>\n\t\t\t\t<\/div>\n\t\t\t\t<div class=\"elementor-element elementor-element-21f7b0e elementor-widget elementor-widget-text-editor\" data-id=\"21f7b0e\" data-element_type=\"widget\" data-widget_type=\"text-editor.default\">\n\t\t\t\t<div class=\"elementor-widget-container\">\n\t\t\t\t\t\t\t\t\t<p>O contrato futuro de Caf\u00e9 Conilon na B3 permite que voc\u00ea trave pre\u00e7os, reduza riscos e planeje melhor suas vendas e compras. Essa ferramenta oferece previsibilidade, permitindo que voc\u00ea se proteja da volatilidade do mercado e crie novas oportunidades de neg\u00f3cios, especialmente com grandes compradores internacionais.<\/p>\t\t\t\t\t\t\t\t<\/div>\n\t\t\t\t<\/div>\n\t\t\t\t<div class=\"elementor-element elementor-element-3d1bdb3 elementor-widget elementor-widget-button\" data-id=\"3d1bdb3\" data-element_type=\"widget\" data-widget_type=\"button.default\">\n\t\t\t\t<div class=\"elementor-widget-container\">\n\t\t\t\t\t\t\t\t\t<div class=\"elementor-button-wrapper\">\n\t\t\t\t\t<a class=\"elementor-button elementor-button-link elementor-size-sm\" href=\"https:\/\/wa.me\/5527998005228?text=Ol%C3%A1%2C%20gostaria%20de%20mais%20informa%C3%A7%C3%B5es%20sobre%20a%20Prime%20Exchange\" target=\"_blank\">\n\t\t\t\t\t\t<span class=\"elementor-button-content-wrapper\">\n\t\t\t\t\t\t\t\t\t<span class=\"elementor-button-text\">Entre em Contato<\/span>\n\t\t\t\t\t<\/span>\n\t\t\t\t\t<\/a>\n\t\t\t\t<\/div>\n\t\t\t\t\t\t\t\t<\/div>\n\t\t\t\t<\/div>\n\t\t\t\t\t<\/div>\n\t\t\t\t<\/div>\n\t\t\t\t<\/div>\n\t\t\t\t<\/div>\n\t\t","protected":false},"excerpt":{"rendered":"<p>Contrato Futuro Caf\u00e9 e Bolsa de Valores: do gr\u00e3o ao mercado financeiro. O caf\u00e9 \u00e9 muito mais do que uma bebida. Ele carrega hist\u00f3ria, cultura e a paix\u00e3o de gera\u00e7\u00f5es de brasileiros. Do aroma que invade as planta\u00e7\u00f5es ao sabor que desperta o dia, conecta pessoas, movimenta cidades e inspira movimentos, mostrando que tradi\u00e7\u00e3o e [&hellip;]<\/p>\n","protected":false},"author":1,"featured_media":0,"parent":0,"menu_order":0,"comment_status":"closed","ping_status":"closed","template":"elementor_header_footer","meta":{"footnotes":""},"class_list":["post-1086","page","type-page","status-publish","hentry"],"_links":{"self":[{"href":"https:\/\/primecafes.com\/index.php\/wp-json\/wp\/v2\/pages\/1086","targetHints":{"allow":["GET"]}}],"collection":[{"href":"https:\/\/primecafes.com\/index.php\/wp-json\/wp\/v2\/pages"}],"about":[{"href":"https:\/\/primecafes.com\/index.php\/wp-json\/wp\/v2\/types\/page"}],"author":[{"embeddable":true,"href":"https:\/\/primecafes.com\/index.php\/wp-json\/wp\/v2\/users\/1"}],"replies":[{"embeddable":true,"href":"https:\/\/primecafes.com\/index.php\/wp-json\/wp\/v2\/comments?post=1086"}],"version-history":[{"count":34,"href":"https:\/\/primecafes.com\/index.php\/wp-json\/wp\/v2\/pages\/1086\/revisions"}],"predecessor-version":[{"id":1128,"href":"https:\/\/primecafes.com\/index.php\/wp-json\/wp\/v2\/pages\/1086\/revisions\/1128"}],"wp:attachment":[{"href":"https:\/\/primecafes.com\/index.php\/wp-json\/wp\/v2\/media?parent=1086"}],"curies":[{"name":"wp","href":"https:\/\/api.w.org\/{rel}","templated":true}]}}